{"id":53,"date":"2022-04-13T02:50:57","date_gmt":"2022-04-13T02:50:57","guid":{"rendered":"https:\/\/koneheaddesign.com\/ilcc2022\/?page_id=53"},"modified":"2025-02-20T15:13:42","modified_gmt":"2025-02-20T20:13:42","slug":"sites-of-interest","status":"publish","type":"page","link":"https:\/\/indianapolislatviancenter.org\/lv\/sites-of-interest\/","title":{"rendered":"CITU LATVIE\u0160U ORGANIZ\u0100CIJU M\u0100JAS LAPAS"},"content":{"rendered":"<h1 class=\"wp-block-heading has-text-align-center motif-icon1\" id=\"sites-of-interest\">CITU LATVIE\u0160U ORGANIZ\u0100CIJU M\u0100JAS LAPAS<\/h1>\n\n\n\n<div class=\"wp-block-group is-content-justification-center is-layout-flex wp-container-core-group-is-layout-cfd22343 wp-block-group-is-layout-flex\">\n<div class=\"wp-block-columns is-layout-flex wp-container-core-columns-is-layout-9d6595d7 wp-block-columns-is-layout-flex\">\n<div class=\"wp-block-column is-layout-flow wp-block-column-is-layout-flow\" style=\"flex-basis:100%\"><div class=\"wp-block-image image-shdw-in-pg\">\n<figure class=\"alignleft size-full is-resized\"><img loading=\"lazy\" decoding=\"async\" width=\"840\" height=\"560\" src=\"https:\/\/indianapolislatviancenter.org\/ilcc2022\/wp-content\/uploads\/2025\/02\/Latvija-1__lolwot.com_840x560.webp\" alt=\"Latvija\" class=\"wp-image-2274\" style=\"width:580px\" srcset=\"https:\/\/indianapolislatviancenter.org\/ilcc2022\/wp-content\/uploads\/2025\/02\/Latvija-1__lolwot.com_840x560.webp 840w, https:\/\/indianapolislatviancenter.org\/ilcc2022\/wp-content\/uploads\/2025\/02\/Latvija-1__lolwot.com_840x560-640x427.webp 640w, https:\/\/indianapolislatviancenter.org\/ilcc2022\/wp-content\/uploads\/2025\/02\/Latvija-1__lolwot.com_840x560-18x12.webp 18w\" sizes=\"auto, (max-width: 840px) 100vw, 840px\" \/><\/figure>\n<\/div>\n\n\n<p>\u0160eit J\u016bs varat iepaz\u012bties ar citu latvie\u0161u organiz\u0101ciju m\u0101jas lap\u0101m: Am\u0113rikas Latvie\u0161u Apvien\u012bbu (ALA), Latvijas V\u0113stniec\u012bbu, Garezeru, utt.<\/p>\n\n\n\n<p><\/p>\n\n\n\n<p><\/p>\n<\/div>\n<\/div>\n<\/div>\n\n\n<div class=\"wp-block-image ilcc-margin-top-bottom\">\n<figure class=\"aligncenter size-large is-resized\"><img loading=\"lazy\" decoding=\"async\" width=\"100\" height=\"100\" src=\"https:\/\/indianapolislatviancenter.org\/ilcc2022\/wp-content\/uploads\/2022\/05\/ILCC_Bar-Motif_Hztl_v3_gold01.svg\" alt=\"Latvian motif\" class=\"wp-image-1100\" style=\"width:320px;height:undefinedpx\"\/><\/figure>\n<\/div>\n\n\n<div class=\"wp-block-columns is-layout-flex wp-container-core-columns-is-layout-9d6595d7 wp-block-columns-is-layout-flex\">\n<div class=\"wp-block-column is-vertically-aligned-top is-layout-flow wp-block-column-is-layout-flow\" style=\"flex-basis:8%\"><\/div>\n\n\n\n<div class=\"wp-block-column is-layout-flow wp-block-column-is-layout-flow\" style=\"flex-basis:84%\"><div class=\"wp-block-image image-shdw-in-pg\">\n<figure class=\"alignleft size-full is-resized\"><img loading=\"lazy\" decoding=\"async\" width=\"640\" height=\"480\" src=\"https:\/\/indianapolislatviancenter.org\/ilcc2022\/wp-content\/uploads\/2022\/05\/sites-of-interest_ALA_640w.jpg\" alt=\"American Latvian Assoc website grab\" class=\"wp-image-971\" style=\"width:320px;height:240px\"\/><figcaption class=\"wp-element-caption\">The American Latvian Association website<\/figcaption><\/figure>\n<\/div>\n\n\n<p><\/p>\n\n\n\n<p>Latvie\u0161i J\u0101\u0146u laik\u0101 dzied, dejo, \u0113d un priec\u0101jas. Siers ar \u0137ime\u0146u s\u0113kl\u0101m, ga\u013cas p\u012br\u0101dzi\u0146i un alus ir oblig\u0101ts katram galdam. Cilv\u0113ki iededz ugunskurus, lec tiem p\u0101ri un svin l\u012bdz saull\u0113ktam. Romantiskie p\u0101ri pamet p\u016bli, lai mekl\u0113tu \"papardes ziedu\", kas esot zied\u0113jis tikai J\u0101\u0146u nakt\u012b.<\/p>\n\n\n\n<p class=\"has-text-align-center blockLink1\"><a href=\"https:\/\/alausa.org\/\" target=\"_blank\" rel=\"noreferrer noopener\">APMEKL\u0112JIET VIETNI TAGAD<\/a><\/p>\n<\/div>\n\n\n\n<div class=\"wp-block-column is-layout-flow wp-block-column-is-layout-flow\" style=\"flex-basis:8%\"><\/div>\n<\/div>\n\n\n\n<div class=\"wp-block-columns is-layout-flex wp-container-core-columns-is-layout-9d6595d7 wp-block-columns-is-layout-flex\">\n<div class=\"wp-block-column is-vertically-aligned-top is-layout-flow wp-block-column-is-layout-flow\" style=\"flex-basis:8%\"><\/div>\n\n\n\n<div class=\"wp-block-column is-layout-flow wp-block-column-is-layout-flow\" style=\"flex-basis:84%\"><div class=\"wp-block-image image-shdw-in-pg\">\n<figure class=\"alignleft size-full is-resized\"><img loading=\"lazy\" decoding=\"async\" width=\"640\" height=\"480\" src=\"https:\/\/indianapolislatviancenter.org\/ilcc2022\/wp-content\/uploads\/2022\/10\/sites-of-interest_Latvia-Travel-lv_640w.jpg\" alt=\"Home page for latvia.travel\/lv\" class=\"wp-image-1606\" style=\"width:320px;height:240px\" srcset=\"https:\/\/indianapolislatviancenter.org\/ilcc2022\/wp-content\/uploads\/2022\/10\/sites-of-interest_Latvia-Travel-lv_640w.jpg 640w, https:\/\/indianapolislatviancenter.org\/ilcc2022\/wp-content\/uploads\/2022\/10\/sites-of-interest_Latvia-Travel-lv_640w-16x12.jpg 16w\" sizes=\"auto, (max-width: 640px) 100vw, 640px\" \/><figcaption class=\"wp-element-caption\">Latvia Travel website home page<\/figcaption><\/figure>\n<\/div>\n\n\n<p><\/p>\n\n\n\n<p>Laipni Latvij\u0101! M\u0113s lepojamies ne tikai ar to, ka mums ir plat\u0101kais \u016bdenskritums Eirop\u0101 vai esam pasaules l\u012bderis interneta \u0101truma zi\u0146\u0101, bet ar\u012b ar m\u016bsu 50 kartupe\u013cu \u0113dienu to\u0146iem un \u010detriem \u0101rk\u0101rt\u012bgi daudzveid\u012bgiem gadalaikiem. Iepaz\u012bsti \u0161os apbr\u012bnojamos faktus un iepaz\u012bsti Latviju!<\/p>\n\n\n\n<p class=\"has-text-align-center blockLink1\"><a href=\"https:\/\/www.latvia.travel\/lv\" target=\"_blank\" rel=\"noreferrer noopener\">APMEKL\u0112JIET VIETNI TAGAD<\/a><\/p>\n<\/div>\n\n\n\n<div class=\"wp-block-column is-layout-flow wp-block-column-is-layout-flow\" style=\"flex-basis:8%\"><\/div>\n<\/div>\n\n\n\n<div class=\"wp-block-columns is-layout-flex wp-container-core-columns-is-layout-9d6595d7 wp-block-columns-is-layout-flex\">\n<div class=\"wp-block-column is-vertically-aligned-top is-layout-flow wp-block-column-is-layout-flow\" style=\"flex-basis:8%\"><\/div>\n\n\n\n<div class=\"wp-block-column is-layout-flow wp-block-column-is-layout-flow\" style=\"flex-basis:84%\"><div class=\"wp-block-image image-shdw-in-pg\">\n<figure class=\"alignleft size-full is-resized\"><img loading=\"lazy\" decoding=\"async\" width=\"640\" height=\"480\" src=\"https:\/\/indianapolislatviancenter.org\/ilcc2022\/wp-content\/uploads\/2022\/06\/sites-of-interest_Ministry-Foreign-Affairs_640w.jpg\" alt=\"Latvian Ministry Foreign Affairs home Pg\" class=\"wp-image-1224\" style=\"width:320px;height:240px\"\/><figcaption class=\"wp-element-caption\">Latvian Ministry Foreign Affairs home page<\/figcaption><\/figure>\n<\/div>\n\n\n<p><\/p>\n\n\n\n<p>Latvijas Republikas \u0100rlietu ministrija pied\u0101v\u0101 pla\u0161u inform\u0101cijas kl\u0101stu t\u0113mu daudzveid\u012bbai no: inform\u0101cijas par iest\u0101des vad\u012bbu, strukt\u016bru, politiku, vizu\u0101lo identit\u0101ti, k\u0101 ar\u012b publik\u0101cij\u0101m un zi\u0146ojumiem.<\/p>\n\n\n\n<p class=\"has-text-align-center blockLink1\"><a href=\"https:\/\/www.mfa.gov.lv\/en\" target=\"_blank\" rel=\"noreferrer noopener\">APMEKL\u0112JIET VIETNI TAGAD<\/a><\/p>\n<\/div>\n\n\n\n<div class=\"wp-block-column is-layout-flow wp-block-column-is-layout-flow\" style=\"flex-basis:8%\"><\/div>\n<\/div>\n\n\n\n<div class=\"wp-block-columns is-layout-flex wp-container-core-columns-is-layout-9d6595d7 wp-block-columns-is-layout-flex\">\n<div class=\"wp-block-column is-vertically-aligned-top is-layout-flow wp-block-column-is-layout-flow\" style=\"flex-basis:8%\"><\/div>\n\n\n\n<div class=\"wp-block-column is-layout-flow wp-block-column-is-layout-flow\" style=\"flex-basis:84%\"><div class=\"wp-block-image image-shdw-in-pg\">\n<figure class=\"alignleft size-full is-resized\"><img loading=\"lazy\" decoding=\"async\" width=\"640\" height=\"480\" src=\"https:\/\/indianapolislatviancenter.org\/ilcc2022\/wp-content\/uploads\/2022\/05\/sites-of-interest_Latvia-Embassy_640w.jpg\" alt=\"Latvia Embassy website grab\" class=\"wp-image-973\" style=\"width:320px;height:240px\"\/><figcaption class=\"wp-element-caption\">The Latvian Embassy to the United States<\/figcaption><\/figure>\n<\/div>\n\n\n<p><\/p>\n\n\n\n<p>V\u0113stniec\u012bbu pazemo Latvijas goda konsulu ASV d\u0101snums. Lai pal\u012bdz\u0113tu atbalst\u012bt ukrai\u0146u b\u0113g\u013cus Latvij\u0101, m\u016bsu goda konsuli veica noz\u012bm\u012bgu ziedojumu Latvijas NVO Ziedot.lv.<\/p>\n\n\n\n<p>Ziedot.lv izmantosim \u0161o ziedojumu, lai sniegtu praktisku atbalstu ukrai\u0146u b\u0113g\u013ciem, kas ierodas Latvij\u0101. <\/p>\n\n\n\n<p class=\"has-text-align-center blockLink1\"><a href=\"https:\/\/www2.mfa.gov.lv\/usa\" target=\"_blank\" rel=\"noreferrer noopener\">APMEKL\u0112JIET VIETNI TAGAD<\/a><\/p>\n<\/div>\n\n\n\n<div class=\"wp-block-column is-layout-flow wp-block-column-is-layout-flow\" style=\"flex-basis:8%\"><\/div>\n<\/div>\n\n\n\n<div class=\"wp-block-columns is-layout-flex wp-container-core-columns-is-layout-9d6595d7 wp-block-columns-is-layout-flex\">\n<div class=\"wp-block-column is-vertically-aligned-top is-layout-flow wp-block-column-is-layout-flow\" style=\"flex-basis:8%\"><\/div>\n\n\n\n<div class=\"wp-block-column is-layout-flow wp-block-column-is-layout-flow\" style=\"flex-basis:84%\"><div class=\"wp-block-image image-shdw-in-pg\">\n<figure class=\"alignleft size-full is-resized\"><img loading=\"lazy\" decoding=\"async\" width=\"640\" height=\"480\" src=\"https:\/\/indianapolislatviancenter.org\/ilcc2022\/wp-content\/uploads\/2022\/05\/sites-of-interest_Garezers_640w.jpg\" alt=\"Garezers website grab\" class=\"wp-image-975\" style=\"width:320px;height:240px\"\/><figcaption class=\"wp-element-caption\">The Garezers Home page<\/figcaption><\/figure>\n<\/div>\n\n\n<p><\/p>\n\n\n\n<p>Garezers uzplaukst k\u0101 tik\u0161an\u0101s vieta visu vecumu latvie\u0161iem, lai audzin\u0101tu un izgl\u012btotu Latvijas jaunatni, stiprin\u0101tu latvie\u0161u valodu, kult\u016bru un gar\u012bg\u0101s v\u0113rt\u012bbas, populariz\u0113tu Latvijas mantojumu un veidotu saikni ar Latviju.<\/p>\n\n\n\n<p class=\"has-text-align-center blockLink1\"><a href=\"https:\/\/garezers.org\/\" target=\"_blank\" rel=\"noreferrer noopener\">APMEKL\u0112JIET VIETNI TAGAD<\/a><\/p>\n<\/div>\n\n\n\n<div class=\"wp-block-column is-layout-flow wp-block-column-is-layout-flow\" style=\"flex-basis:8%\"><\/div>\n<\/div>\n\n\n\n<div class=\"wp-block-columns is-layout-flex wp-container-core-columns-is-layout-9d6595d7 wp-block-columns-is-layout-flex\">\n<div class=\"wp-block-column is-vertically-aligned-top is-layout-flow wp-block-column-is-layout-flow\" style=\"flex-basis:8%\"><\/div>\n\n\n\n<div class=\"wp-block-column is-layout-flow wp-block-column-is-layout-flow\" style=\"flex-basis:84%\"><div class=\"wp-block-image image-shdw-in-pg\">\n<figure class=\"alignleft size-full is-resized\"><img loading=\"lazy\" decoding=\"async\" width=\"640\" height=\"480\" src=\"https:\/\/indianapolislatviancenter.org\/ilcc2022\/wp-content\/uploads\/2022\/10\/sites-of-interest_Indylv.com_640w-1.jpg\" alt=\"indylv.com website home page\" class=\"wp-image-1605\" style=\"width:320px;height:240px\" srcset=\"https:\/\/indianapolislatviancenter.org\/ilcc2022\/wp-content\/uploads\/2022\/10\/sites-of-interest_Indylv.com_640w-1.jpg 640w, https:\/\/indianapolislatviancenter.org\/ilcc2022\/wp-content\/uploads\/2022\/10\/sites-of-interest_Indylv.com_640w-1-16x12.jpg 16w\" sizes=\"auto, (max-width: 640px) 100vw, 640px\" \/><figcaption class=\"wp-element-caption\">indylv.com website home page<\/figcaption><\/figure>\n<\/div>\n\n\n<p><\/p>\n\n\n\n<p>Esiet sveicin\u0101ti m\u0101jas lap\u0101, kas velt\u012bta kalpo\u0161anai latvie\u0161u kopienai Indianapolis\u0101! \u0160aj\u0101 t\u012bmek\u013ca vietn\u0113 ir sniegta inform\u0101cija par viet\u0113j\u0101m latvie\u0161u organiz\u0101cij\u0101m un pas\u0101kumiem, kas notiek Latvie\u0161u kopien\u0101. Liel\u0101k\u0101 da\u013ca latvie\u0161u Indianapolis\u0101 ierad\u0101s 1950. gadu s\u0101kum\u0101 p\u0113c Otr\u0101 pasaules kara.<\/p>\n\n\n\n<p class=\"has-text-align-center blockLink1\"><a href=\"http:\/\/indylv.com\/\" target=\"_blank\" rel=\"noreferrer noopener\">APMEKL\u0112JIET VIETNI TAGAD<\/a><\/p>\n<\/div>\n\n\n\n<div class=\"wp-block-column is-layout-flow wp-block-column-is-layout-flow\" style=\"flex-basis:8%\"><\/div>\n<\/div>\n\n\n\n<div class=\"wp-block-columns is-layout-flex wp-container-core-columns-is-layout-9d6595d7 wp-block-columns-is-layout-flex\">\n<div class=\"wp-block-column is-vertically-aligned-top is-layout-flow wp-block-column-is-layout-flow\" style=\"flex-basis:8%\"><\/div>\n\n\n\n<div class=\"wp-block-column is-layout-flow wp-block-column-is-layout-flow\" style=\"flex-basis:84%\"><div class=\"wp-block-image image-shdw-in-pg\">\n<figure class=\"alignleft size-full is-resized\"><img loading=\"lazy\" decoding=\"async\" width=\"640\" height=\"480\" src=\"https:\/\/indianapolislatviancenter.org\/ilcc2022\/wp-content\/uploads\/2022\/08\/sites-of-interest_SAHMS_640w.jpg\" alt=\"\" class=\"wp-image-1504\" style=\"width:320px;height:240px\"\/><figcaption class=\"wp-element-caption\">Sahm&#8217;s Place Home page<\/figcaption><\/figure>\n<\/div>\n\n\n<p><\/p>\n\n\n\n<p>Vai mekl\u0113jat viet\u0113jo amerik\u0101\u0146u komforta \u0113dienu, kas izgatavots no svaig\u0101m un viet\u0113j\u0101m sast\u0101vda\u013c\u0101m, kas pasniegtas mier\u012bg\u0101 vid\u0113? <\/p>\n\n\n\n<p>Sahm's Place padara visu no nulles, ieskaitot m\u016bsu maizi, m\u0113rces un zupas! \u013baujiet mums j\u016bs pabarot un uzzin\u0101t, k\u0101p\u0113c vi\u0146i ir k\u013cuvu\u0161i par Indianapolisas zieme\u013caustrumu favor\u012btiem.<\/p>\n\n\n\n<p class=\"has-text-align-center blockLink1\"><a href=\"https:\/\/sahmsplace.com\/\" target=\"_blank\" rel=\"noreferrer noopener\">APMEKL\u0112JIET VIETNI TAGAD<\/a><\/p>\n<\/div>\n\n\n\n<div class=\"wp-block-column is-layout-flow wp-block-column-is-layout-flow\" style=\"flex-basis:8%\"><\/div>\n<\/div>\n\n\n<a href=\"#sites-of-interest\"><span class=\"wp-svg-arrow-up-3 arrow-up-3\"><\/span><\/a>","protected":false},"excerpt":{"rendered":"<p>SITES OF INTEREST Welcome to our sites of interest! Here you can locate a variety of information on: The American Latvian Association, Latvian Ministry of Foreign Affairs, Garezers, local business, and other websites of interest. Latvians sing, dance, eat and <span class=\"excerpt-dots\">&hellip;<\/span> <a class=\"more-link\" href=\"https:\/\/indianapolislatviancenter.org\/lv\/sites-of-interest\/\"><span class=\"more-msg\">Continue reading &rarr;<\/span><\/a><\/p>","protected":false},"author":1,"featured_media":0,"parent":0,"menu_order":6,"comment_status":"closed","ping_status":"closed","template":"","meta":{"inline_featured_image":false,"_monsterinsights_skip_tracking":false,"_monsterinsights_sitenote_active":false,"_monsterinsights_sitenote_note":"","_monsterinsights_sitenote_category":0,"_EventAllDay":false,"_EventTimezone":"","_EventStartDate":"","_EventEndDate":"","_EventStartDateUTC":"","_EventEndDateUTC":"","_EventShowMap":false,"_EventShowMapLink":false,"_EventURL":"","_EventCost":"","_EventCostDescription":"","_EventCurrencySymbol":"","_EventCurrencyCode":"","_EventCurrencyPosition":"","_EventDateTimeSeparator":"","_EventTimeRangeSeparator":"","_EventOrganizerID":[],"_EventVenueID":[],"_OrganizerEmail":"","_OrganizerPhone":"","_OrganizerWebsite":"","_VenueAddress":"","_VenueCity":"","_VenueCountry":"","_VenueProvince":"","_VenueState":"","_VenueZip":"","_VenuePhone":"","_VenueURL":"","_VenueStateProvince":"","_VenueLat":"","_VenueLng":"","_VenueShowMap":false,"_VenueShowMapLink":false,"footnotes":""},"class_list":["post-53","page","type-page","status-publish","hentry"],"yoast_head":"<!-- This site is optimized with the Yoast SEO plugin v27.4 - https:\/\/yoast.com\/product\/yoast-seo-wordpress\/ -->\n<title>SITES OF INTEREST - Indianapolis Latvian Community Center<\/title>\n<meta name=\"description\" content=\"Welcome to our sites of interest! Here you can locate a variety of information on: The American Latvian Association, Latvian Ministry of Foreign Affairs, Garezers, local business, and other websites of interest.\" \/>\n<meta name=\"robots\" content=\"index, follow, max-snippet:-1, max-image-preview:large, max-video-preview:-1\" \/>\n<link rel=\"canonical\" href=\"https:\/\/indianapolislatviancenter.org\/lv\/sites-of-interest\/\" \/>\n<meta property=\"og:locale\" content=\"lv_LV\" \/>\n<meta property=\"og:type\" content=\"article\" \/>\n<meta property=\"og:title\" content=\"SITES OF INTEREST - Indianapolis Latvian Community Center\" \/>\n<meta property=\"og:description\" content=\"Welcome to our sites of interest! Here you can locate a variety of information on: The American Latvian Association, Latvian Ministry of Foreign Affairs, Garezers, local business, and other websites of interest.\" \/>\n<meta property=\"og:url\" content=\"https:\/\/indianapolislatviancenter.org\/lv\/sites-of-interest\/\" \/>\n<meta property=\"og:site_name\" content=\"Indianapolis Latvian Community Center\" \/>\n<meta property=\"article:modified_time\" content=\"2025-02-20T20:13:42+00:00\" \/>\n<meta property=\"og:image\" content=\"https:\/\/indianapolislatviancenter.org\/ilcc2022\/wp-content\/uploads\/2025\/02\/Latvija-1__lolwot.com_840x560.webp\" \/>\n\t<meta property=\"og:image:width\" content=\"840\" \/>\n\t<meta property=\"og:image:height\" content=\"560\" \/>\n\t<meta property=\"og:image:type\" content=\"image\/webp\" \/>\n<meta name=\"twitter:card\" content=\"summary_large_image\" \/>\n<meta name=\"twitter:label1\" content=\"Est. reading time\" \/>\n\t<meta name=\"twitter:data1\" content=\"4 min\u016btes\" \/>\n<script type=\"application\/ld+json\" class=\"yoast-schema-graph\">{\"@context\":\"https:\\\/\\\/schema.org\",\"@graph\":[{\"@type\":\"WebPage\",\"@id\":\"https:\\\/\\\/indianapolislatviancenter.org\\\/sites-of-interest\\\/\",\"url\":\"https:\\\/\\\/indianapolislatviancenter.org\\\/sites-of-interest\\\/\",\"name\":\"SITES OF INTEREST - Indianapolis Latvian Community Center\",\"isPartOf\":{\"@id\":\"https:\\\/\\\/indianapolislatviancenter.org\\\/#website\"},\"primaryImageOfPage\":{\"@id\":\"https:\\\/\\\/indianapolislatviancenter.org\\\/sites-of-interest\\\/#primaryimage\"},\"image\":{\"@id\":\"https:\\\/\\\/indianapolislatviancenter.org\\\/sites-of-interest\\\/#primaryimage\"},\"thumbnailUrl\":\"https:\\\/\\\/indianapolislatviancenter.org\\\/ilcc2022\\\/wp-content\\\/uploads\\\/2025\\\/02\\\/Latvija-1__lolwot.com_840x560.webp\",\"datePublished\":\"2022-04-13T02:50:57+00:00\",\"dateModified\":\"2025-02-20T20:13:42+00:00\",\"description\":\"Welcome to our sites of interest! Here you can locate a variety of information on: The American Latvian Association, Latvian Ministry of Foreign Affairs, Garezers, local business, and other websites of interest.\",\"breadcrumb\":{\"@id\":\"https:\\\/\\\/indianapolislatviancenter.org\\\/sites-of-interest\\\/#breadcrumb\"},\"inLanguage\":\"lv-LV\",\"potentialAction\":[{\"@type\":\"ReadAction\",\"target\":[\"https:\\\/\\\/indianapolislatviancenter.org\\\/sites-of-interest\\\/\"]}]},{\"@type\":\"ImageObject\",\"inLanguage\":\"lv-LV\",\"@id\":\"https:\\\/\\\/indianapolislatviancenter.org\\\/sites-of-interest\\\/#primaryimage\",\"url\":\"https:\\\/\\\/indianapolislatviancenter.org\\\/ilcc2022\\\/wp-content\\\/uploads\\\/2025\\\/02\\\/Latvija-1__lolwot.com_840x560.webp\",\"contentUrl\":\"https:\\\/\\\/indianapolislatviancenter.org\\\/ilcc2022\\\/wp-content\\\/uploads\\\/2025\\\/02\\\/Latvija-1__lolwot.com_840x560.webp\"},{\"@type\":\"BreadcrumbList\",\"@id\":\"https:\\\/\\\/indianapolislatviancenter.org\\\/sites-of-interest\\\/#breadcrumb\",\"itemListElement\":[{\"@type\":\"ListItem\",\"position\":1,\"name\":\"Home\",\"item\":\"https:\\\/\\\/indianapolislatviancenter.org\\\/\"},{\"@type\":\"ListItem\",\"position\":2,\"name\":\"SITES OF INTEREST\"}]},{\"@type\":\"WebSite\",\"@id\":\"https:\\\/\\\/indianapolislatviancenter.org\\\/#website\",\"url\":\"https:\\\/\\\/indianapolislatviancenter.org\\\/\",\"name\":\"Indianapolis Latvian Community Center\",\"description\":\"An Event facility that supports the Indianapolis Community\",\"publisher\":{\"@id\":\"https:\\\/\\\/indianapolislatviancenter.org\\\/#organization\"},\"potentialAction\":[{\"@type\":\"SearchAction\",\"target\":{\"@type\":\"EntryPoint\",\"urlTemplate\":\"https:\\\/\\\/indianapolislatviancenter.org\\\/?s={search_term_string}\"},\"query-input\":{\"@type\":\"PropertyValueSpecification\",\"valueRequired\":true,\"valueName\":\"search_term_string\"}}],\"inLanguage\":\"lv-LV\"},{\"@type\":\"Organization\",\"@id\":\"https:\\\/\\\/indianapolislatviancenter.org\\\/#organization\",\"name\":\"Indianapolis Latvian Center\",\"url\":\"https:\\\/\\\/indianapolislatviancenter.org\\\/\",\"logo\":{\"@type\":\"ImageObject\",\"inLanguage\":\"lv-LV\",\"@id\":\"https:\\\/\\\/indianapolislatviancenter.org\\\/#\\\/schema\\\/logo\\\/image\\\/\",\"url\":\"https:\\\/\\\/indianapolislatviancenter.org\\\/ilcc2022\\\/wp-content\\\/uploads\\\/2023\\\/08\\\/ILCC_Favicon_Red-Reverse_no-txt_082323.svg\",\"contentUrl\":\"https:\\\/\\\/indianapolislatviancenter.org\\\/ilcc2022\\\/wp-content\\\/uploads\\\/2023\\\/08\\\/ILCC_Favicon_Red-Reverse_no-txt_082323.svg\",\"width\":100,\"height\":100,\"caption\":\"Indianapolis Latvian Center\"},\"image\":{\"@id\":\"https:\\\/\\\/indianapolislatviancenter.org\\\/#\\\/schema\\\/logo\\\/image\\\/\"}}]}<\/script>\n<!-- \/ Yoast SEO plugin. -->","yoast_head_json":{"title":"SITES OF INTEREST - Indianapolis Latvian Community Center","description":"\u0160eit J\u016bs varat iepaz\u012bties ar citu latvie\u0161u organiz\u0101ciju m\u0101jas lap\u0101m: Am\u0113rikas Latvie\u0161u Apvien\u012bbu (ALA), Latvijas V\u0113stniec\u012bbu, Garezeru, utt.","robots":{"index":"index","follow":"follow","max-snippet":"max-snippet:-1","max-image-preview":"max-image-preview:large","max-video-preview":"max-video-preview:-1"},"canonical":"https:\/\/indianapolislatviancenter.org\/lv\/sites-of-interest\/","og_locale":"lv_LV","og_type":"article","og_title":"SITES OF INTEREST - Indianapolis Latvian Community Center","og_description":"Welcome to our sites of interest! Here you can locate a variety of information on: The American Latvian Association, Latvian Ministry of Foreign Affairs, Garezers, local business, and other websites of interest.","og_url":"https:\/\/indianapolislatviancenter.org\/lv\/sites-of-interest\/","og_site_name":"Indianapolis Latvian Community Center","article_modified_time":"2025-02-20T20:13:42+00:00","og_image":[{"width":840,"height":560,"url":"https:\/\/indianapolislatviancenter.org\/ilcc2022\/wp-content\/uploads\/2025\/02\/Latvija-1__lolwot.com_840x560.webp","type":"image\/webp"}],"twitter_card":"summary_large_image","twitter_misc":{"Est. reading time":"4 min\u016btes"},"schema":{"@context":"https:\/\/schema.org","@graph":[{"@type":"WebPage","@id":"https:\/\/indianapolislatviancenter.org\/sites-of-interest\/","url":"https:\/\/indianapolislatviancenter.org\/sites-of-interest\/","name":"SITES OF INTEREST - Indianapolis Latvian Community Center","isPartOf":{"@id":"https:\/\/indianapolislatviancenter.org\/#website"},"primaryImageOfPage":{"@id":"https:\/\/indianapolislatviancenter.org\/sites-of-interest\/#primaryimage"},"image":{"@id":"https:\/\/indianapolislatviancenter.org\/sites-of-interest\/#primaryimage"},"thumbnailUrl":"https:\/\/indianapolislatviancenter.org\/ilcc2022\/wp-content\/uploads\/2025\/02\/Latvija-1__lolwot.com_840x560.webp","datePublished":"2022-04-13T02:50:57+00:00","dateModified":"2025-02-20T20:13:42+00:00","description":"\u0160eit J\u016bs varat iepaz\u012bties ar citu latvie\u0161u organiz\u0101ciju m\u0101jas lap\u0101m: Am\u0113rikas Latvie\u0161u Apvien\u012bbu (ALA), Latvijas V\u0113stniec\u012bbu, Garezeru, utt.","breadcrumb":{"@id":"https:\/\/indianapolislatviancenter.org\/sites-of-interest\/#breadcrumb"},"inLanguage":"lv-LV","potentialAction":[{"@type":"ReadAction","target":["https:\/\/indianapolislatviancenter.org\/sites-of-interest\/"]}]},{"@type":"ImageObject","inLanguage":"lv-LV","@id":"https:\/\/indianapolislatviancenter.org\/sites-of-interest\/#primaryimage","url":"https:\/\/indianapolislatviancenter.org\/ilcc2022\/wp-content\/uploads\/2025\/02\/Latvija-1__lolwot.com_840x560.webp","contentUrl":"https:\/\/indianapolislatviancenter.org\/ilcc2022\/wp-content\/uploads\/2025\/02\/Latvija-1__lolwot.com_840x560.webp"},{"@type":"BreadcrumbList","@id":"https:\/\/indianapolislatviancenter.org\/sites-of-interest\/#breadcrumb","itemListElement":[{"@type":"ListItem","position":1,"name":"Home","item":"https:\/\/indianapolislatviancenter.org\/"},{"@type":"ListItem","position":2,"name":"SITES OF INTEREST"}]},{"@type":"WebSite","@id":"https:\/\/indianapolislatviancenter.org\/#website","url":"https:\/\/indianapolislatviancenter.org\/","name":"Indianapoles Latvie\u0161u sabiedriskais centrs","description":"An Event facility that supports the Indianapolis Community","publisher":{"@id":"https:\/\/indianapolislatviancenter.org\/#organization"},"potentialAction":[{"@type":"SearchAction","target":{"@type":"EntryPoint","urlTemplate":"https:\/\/indianapolislatviancenter.org\/?s={search_term_string}"},"query-input":{"@type":"PropertyValueSpecification","valueRequired":true,"valueName":"search_term_string"}}],"inLanguage":"lv-LV"},{"@type":"Organization","@id":"https:\/\/indianapolislatviancenter.org\/#organization","name":"Indianapoles Latvie\u0161u sabiedriskais centrs","url":"https:\/\/indianapolislatviancenter.org\/","logo":{"@type":"ImageObject","inLanguage":"lv-LV","@id":"https:\/\/indianapolislatviancenter.org\/#\/schema\/logo\/image\/","url":"https:\/\/indianapolislatviancenter.org\/ilcc2022\/wp-content\/uploads\/2023\/08\/ILCC_Favicon_Red-Reverse_no-txt_082323.svg","contentUrl":"https:\/\/indianapolislatviancenter.org\/ilcc2022\/wp-content\/uploads\/2023\/08\/ILCC_Favicon_Red-Reverse_no-txt_082323.svg","width":100,"height":100,"caption":"Indianapolis Latvian Center"},"image":{"@id":"https:\/\/indianapolislatviancenter.org\/#\/schema\/logo\/image\/"}}]}},"_links":{"self":[{"href":"https:\/\/indianapolislatviancenter.org\/lv\/wp-json\/wp\/v2\/pages\/53","targetHints":{"allow":["GET"]}}],"collection":[{"href":"https:\/\/indianapolislatviancenter.org\/lv\/wp-json\/wp\/v2\/pages"}],"about":[{"href":"https:\/\/indianapolislatviancenter.org\/lv\/wp-json\/wp\/v2\/types\/page"}],"author":[{"embeddable":true,"href":"https:\/\/indianapolislatviancenter.org\/lv\/wp-json\/wp\/v2\/users\/1"}],"replies":[{"embeddable":true,"href":"https:\/\/indianapolislatviancenter.org\/lv\/wp-json\/wp\/v2\/comments?post=53"}],"version-history":[{"count":86,"href":"https:\/\/indianapolislatviancenter.org\/lv\/wp-json\/wp\/v2\/pages\/53\/revisions"}],"predecessor-version":[{"id":2290,"href":"https:\/\/indianapolislatviancenter.org\/lv\/wp-json\/wp\/v2\/pages\/53\/revisions\/2290"}],"wp:attachment":[{"href":"https:\/\/indianapolislatviancenter.org\/lv\/wp-json\/wp\/v2\/media?parent=53"}],"curies":[{"name":"wp","href":"https:\/\/api.w.org\/{rel}","templated":true}]}}