{"id":27,"date":"2022-04-08T18:45:13","date_gmt":"2022-04-08T18:45:13","guid":{"rendered":"https:\/\/koneheaddesign.com\/ilcc2022\/?page_id=27"},"modified":"2025-02-20T14:46:57","modified_gmt":"2025-02-20T19:46:57","slug":"about-us","status":"publish","type":"page","link":"https:\/\/indianapolislatviancenter.org\/lv\/about-us\/","title":{"rendered":"PAR MUMS"},"content":{"rendered":"<h1 class=\"wp-block-heading has-text-align-center motif-icon1\" id=\"about-us\">PAR MUMS<\/h1>\n\n\n\n<div class=\"wp-block-group is-content-justification-center is-layout-flex wp-container-core-group-is-layout-cfd22343 wp-block-group-is-layout-flex\">\n<div class=\"wp-block-columns is-layout-flex wp-container-core-columns-is-layout-9d6595d7 wp-block-columns-is-layout-flex\">\n<div class=\"wp-block-column is-layout-flow wp-block-column-is-layout-flow\" style=\"flex-basis:98%\"><div class=\"wp-block-image is-resized\">\n<figure class=\"alignleft size-full\"><img loading=\"lazy\" decoding=\"async\" width=\"960\" height=\"540\" src=\"https:\/\/indianapolislatviancenter.org\/ilcc2022\/wp-content\/uploads\/2025\/02\/Home-Pg_Learn_Latvian_Hist_960x540.webp\" alt=\"Latvian Coat of Arms for Indy Latvian Center history\" class=\"wp-image-2271\" style=\"width:440px\" srcset=\"https:\/\/indianapolislatviancenter.org\/ilcc2022\/wp-content\/uploads\/2025\/02\/Home-Pg_Learn_Latvian_Hist_960x540.webp 960w, https:\/\/indianapolislatviancenter.org\/ilcc2022\/wp-content\/uploads\/2025\/02\/Home-Pg_Learn_Latvian_Hist_960x540-640x360.webp 640w, https:\/\/indianapolislatviancenter.org\/ilcc2022\/wp-content\/uploads\/2025\/02\/Home-Pg_Learn_Latvian_Hist_960x540-18x10.webp 18w\" sizes=\"auto, (max-width: 960px) 100vw, 960px\" \/><\/figure>\n<\/div>\n\n\n<p>Bez par\u0101diem vai l\u012bdzek\u013cu aiz\u0146\u0113mumiem uzb\u016bv\u0113t latvie\u0161u namu Indianapol\u0113 ir bijis Latvie\u0161u Sabidrisk\u0101 Centra dibin\u0101t\u0101ju m\u0113r\u0137is un sol\u012bjums. M\u0113r\u0137is ir sasniegts un sol\u012bjums izpild\u012bts<\/p>\n\n\n\n<p>Darba gaita daudreiz prieks ir mijies ar r\u016bp\u0113m. Br\u012b\u017eiem saj\u016bsma ir krustojusies ar vienaldz\u012bbu. Pretdarb\u012bba izrais\u012bjusi sp\u012btu un veicin\u0101jusi str\u0101dnieku aizrau\u0161anos un uzupur\u0113\u0161anos. Bet p\u0101ri visam ir st\u0101v\u0113jusi pien\u0101kuma apzi\u0146a, pild\u012bt sabidr\u012bbai dotos sol\u012bjumus un iecer\u0113to p\u0101rv\u0113rst \u012bsten\u012bb\u0101. Noietais cel\u0161 nav bijis viegls. Ko ir pras\u012bju\u0161i pieci nama b\u016bves gadi akt\u012bviem str\u0101dniekiem, to vislab\u0101k apzin\u0101s pa\u0161i darbu talcinieki un vad\u012bt\u0101ji.<\/p>\n\n\n\n<p>Indianapoles latvie\u0161u nams ir ieg\u0101jis Amerik\u0101 dz\u012bvojo\u0161o latvie\u0161u gaitu v\u0113stur\u0113. Darba veic\u0113ji ir peln\u012bju\u0161i, lai ar\u012b vi\u0146u v\u0101rdi un p\u016bles, kas velt\u012btas nama cel\u0161an\u0101, netiktu aizmirstas. Nav iesp\u0113jams aprakst\u012bt visus paveiktos darbus. Nav iesp\u0113jams piemin\u0113t visu darbu veic\u0113ju un atsauc\u012bgo atbalst\u012bt\u0101ju v\u0101rdus. Par katra uzupur\u0113\u0161anos un ieguld\u012bjumu, liecina pievienotais talk\u0101s nostr\u0101d\u0101to stundu skaits. Iecer\u0113t\u0101 projekta pla\u0161umu noteica sabiedr\u012bbas atsauc\u012bba. C\u0113los pl\u0101nus var\u0113j\u0101m piepild\u012bt tikai m\u016bsu r\u012bc\u012bb\u0101 eso\u0161o l\u012bdzek\u013cu robe\u017e\u0101s. Nams, savu iesp\u0113ju robe\u017e\u0101s, ir atbalst\u012bjis un veicin\u0101jis latvie\u0161u kult\u016bru, latvisko garu un latvie\u0161u sabiedrisk\u0101s rosmes Indianapol\u0113. Nama c\u0113l\u0101ju v\u0113l\u0113jums ir, lai nams sekm\u0113tu \u0161os m\u0113r\u0137us, kam\u0113r vien Indianapol\u0113 past\u0101v\u0113s organiz\u0113ta latvie\u0161u sabiedr\u012bba. <\/p>\n<\/div>\n<\/div>\n<\/div>\n\n\n\n<p><\/p>\n\n\n\n<h2 class=\"wp-block-heading has-text-align-center\">LATVIJAS V\u0112STURE<\/h2>\n\n\n\n<div class=\"wp-block-group is-content-justification-center is-layout-flex wp-container-core-group-is-layout-cfd22343 wp-block-group-is-layout-flex\">\n<div class=\"wp-block-columns is-layout-flex wp-container-core-columns-is-layout-9d6595d7 wp-block-columns-is-layout-flex\">\n<div class=\"wp-block-column is-layout-flow wp-block-column-is-layout-flow\" style=\"flex-basis:98%\"><div class=\"wp-block-image is-resized image-shdw-in-pg\">\n<figure class=\"alignleft size-full\"><img loading=\"lazy\" decoding=\"async\" width=\"960\" height=\"540\" src=\"https:\/\/indianapolislatviancenter.org\/ilcc2022\/wp-content\/uploads\/2025\/02\/Latvian-Ctr_Placard_v2b_enhance_960w.webp\" alt=\"Latvian Community Center of Indianapolis Plaque\" class=\"wp-image-2283\" style=\"width:440px\" srcset=\"https:\/\/indianapolislatviancenter.org\/ilcc2022\/wp-content\/uploads\/2025\/02\/Latvian-Ctr_Placard_v2b_enhance_960w.webp 960w, https:\/\/indianapolislatviancenter.org\/ilcc2022\/wp-content\/uploads\/2025\/02\/Latvian-Ctr_Placard_v2b_enhance_960w-640x360.webp 640w, https:\/\/indianapolislatviancenter.org\/ilcc2022\/wp-content\/uploads\/2025\/02\/Latvian-Ctr_Placard_v2b_enhance_960w-18x10.webp 18w\" sizes=\"auto, (max-width: 960px) 100vw, 960px\" \/><figcaption class=\"wp-element-caption\">Indianapoles latvie\u0161u sabiedrisk\u0101 centra 1962. gada pl\u0101ksne<\/figcaption><\/figure>\n<\/div>\n\n\n<p>Latvie\u0161u kolonija Indianapol\u0113 s\u0101ka veidoties tikai \u010detrdesmito gadu beig\u0101s. Iz\u0146emot vienu vecu latvieti Georgu Inku, Indi\u0101n\u0101 nebija citu biju\u0161o latvie\u0161u izcelsmes viet\u0113jo iedz\u012bvot\u0101ju. Georg Inka bija non\u0101cis Amerik\u0101 k\u0101 ku\u0123a z\u0113ns Pirm\u0101 pasaules kara laik\u0101. Kad ierad\u0101s pirmie latvie\u0161i, aizmirst\u0101 latvie\u0161u valoda vi\u0146am nebija \u0161\u0137\u0113rslis cie\u0161u kontaktu nodibin\u0101\u0161anai. B\u016bdams Amerikas pilsonis un labs valodas run\u0101t\u0101js ar sav\u0101m darba sp\u0113j\u0101m, vi\u0146\u0161 pal\u012bdz\u0113ja jaunu emigrantu darba iepirkum\u0101 un dz\u012bves s\u0101kum\u0101.<\/p>\n\n\n\n<p>V\u0113l\u0101k, kad beidz\u0101s Otrais pasaules kar\u0161, v\u0101cu b\u0113g\u013cu nometn\u0113s san\u0101ku\u0161ie latvie\u0161i mekl\u0113ja iesp\u0113jas emigr\u0113t uz da\u017e\u0101m emigr\u0101cijai pieejam\u0101m pasaules valst\u012bm. Daudzi v\u0113rs\u0101s pie Amerikas Savienotaj\u0101m Valst\u012bm. L\u012bdz 1948. gadam, kad ASV prezidenta Tr\u016bmena vad\u012bb\u0101 pie\u0146\u0113ma 1948. gada P\u0101rvietoto personu iece\u013co\u0161anas aktu, emigr\u0101cija uz ASV bija iesp\u0113jama tikai atsevi\u0161\u0137\u0101m valst\u012bm noteikto kvotu robe\u017e\u0101s. Maz\u0101 kvota bija izsmelta. Pirmie latvie\u0161i, 4 cilv\u0113ku \u0123imene, ierad\u0101s ASV un apmet\u0101s Indianapol\u0113.<\/p>\n\n\n\n<p>Jaun\u0101 likuma ietvaros latvie\u0161i Indianapol\u0113 s\u0101ka iece\u013cot 1949. gada beig\u0101s. Amerikas Savienoto Valstu Pirm\u0101s Apvienot\u0101s luter\u0101\u0146u draudzes m\u0101c\u012bt\u0101js Pauls Hufmans \u013coti v\u0113l\u0113j\u0101s sniegt iera\u0161an\u0101s br\u012bdim nepiecie\u0161am\u0101s garantijas. Saska\u0146\u0101 ar 1952. gad\u0101 \"Indianapolis Times\" public\u0113to rakstu \"Vi\u0146\u0161 iegulda cilv\u0113kos\", vi\u0146\u0161 sniedza vair\u0101k nek\u0101 400 garantijas, no kur\u0101m divas tre\u0161da\u013cas bija paredz\u0113tas latvie\u0161u emigrantiem. Visi jaunie emigranti bija iesaist\u012bti m\u0101c\u012bt\u0101ja draudz\u0113.<\/p>\n<\/div>\n<\/div>\n<\/div>\n\n\n\n<h2 class=\"wp-block-heading has-text-align-center\">Par br\u012bv\u012bbu boj\u0101 g\u0101ju\u0161o latvie\u0161u piemi\u0146ai<\/h2>\n\n\n\n<div class=\"wp-block-group is-content-justification-center is-layout-flex wp-container-core-group-is-layout-cfd22343 wp-block-group-is-layout-flex\">\n<div class=\"wp-block-columns is-layout-flex wp-container-core-columns-is-layout-9d6595d7 wp-block-columns-is-layout-flex\">\n<div class=\"wp-block-column is-layout-flow wp-block-column-is-layout-flow\" style=\"flex-basis:98%\"><div class=\"wp-block-image is-resized image-shdw-in-pg\">\n<figure class=\"alignleft size-full\"><img loading=\"lazy\" decoding=\"async\" width=\"960\" height=\"686\" src=\"https:\/\/indianapolislatviancenter.org\/ilcc2022\/wp-content\/uploads\/2025\/02\/Latvian-Ctr_In-memory-v2c_960w.webp\" alt=\"monument In memory of Latvians who died for freedom\" class=\"wp-image-2285\" style=\"width:440px\" srcset=\"https:\/\/indianapolislatviancenter.org\/ilcc2022\/wp-content\/uploads\/2025\/02\/Latvian-Ctr_In-memory-v2c_960w.webp 960w, https:\/\/indianapolislatviancenter.org\/ilcc2022\/wp-content\/uploads\/2025\/02\/Latvian-Ctr_In-memory-v2c_960w-640x457.webp 640w, https:\/\/indianapolislatviancenter.org\/ilcc2022\/wp-content\/uploads\/2025\/02\/Latvian-Ctr_In-memory-v2c_960w-18x12.webp 18w\" sizes=\"auto, (max-width: 960px) 100vw, 960px\" \/><figcaption class=\"wp-element-caption\">Par piemi\u0146u latvie\u0161iem, kuri g\u0101ja boj\u0101 par br\u012bv\u012bbu, un tiem, kas pazudu\u0161i padomju darba nometn\u0113s kop\u0161 1940. gada<\/figcaption><\/figure>\n<\/div>\n\n\n<p><\/p>\n\n\n\n<p>T\u0101lu un bargu moku ce\u013cu latvie\u0161u tauta ir s\u0101kusi staig\u0101t jau kop\u0161 1941. g. 14. j\u016bnija. Latvijas okupanti visbrut\u0101l\u0101k\u0101 veid\u0101 ir s\u0101ku\u0161i un turpina izn\u012bcin\u0101t latvie\u0161u tautu. Sib\u012brijas vergu nometn\u0113s izn\u012bcin\u0101to, kom\u016bnistu cietumos noslepkavoto, neskait\u0101m\u0101s sodu nometn\u0113s sakrop\u013coto un c\u012b\u0146\u0101s par Latvijas br\u012bv\u012bbu kritu\u0161o latvie\u0161u tautas locek\u013cu skaits sniedz\u0101s vair\u0101kos simtos t\u016bksto\u0161u. Latvij\u0101 nedr\u012bkst piemin\u0113t \u0161os mocek\u013cus un varo\u0146us, kuri savas dz\u012bv\u012bbas ir atdevu\u0161i dzimetenes m\u012blest\u012bbas un t\u0113vzemes br\u012bv\u012bbas d\u0113\u013c. Vi\u0146u kapu vietas, bez krustiem un v\u0101rdiem, ir izkais\u012btas Krievijas pla\u0161umos un Sib\u012brijas tundr\u0101s. <br><\/p>\n\n\n\n<p>Rod\u0101s doma Indianapol\u0113 uzcelt pieminekli vai uzst\u0101d\u012bt piemi\u0146as pl\u0101ksni visiem kom\u016bnistu okupantu aizvestiem, nomoc\u012btiem, repres\u0113tiem un par Latvijas br\u012bv\u012bbu kritu\u0161iem latvie\u0161iem. Idejas re\u0101liz\u0113\u0161anu uz\u0146em\u0101s Indianapoles Latvie\u0161u Organiz\u0101ciju padome. Daudz domu tiek izmain\u012bts par pieminek\u013ca atra\u0161an\u0101s vietu, minot gan kaps\u0113tas, parkus, pils\u0113tas namus un citas iev\u0113rojam\u0101kas vietas. Beidzot izdod\u0101s vienoties, ka vispiem\u0113rot\u0101k\u0101 vieta b\u016bs Latvie\u0161u Centrs. Godinot visus liel\u0101s latvie\u0161u s\u0101pju draudzes locek\u013cus, piemineklis b\u016bs vieta, kur tautas s\u0113ru dien\u0101 var\u0113sim nolikt ziedus un dom\u0101s b\u016bt kop\u0101 ar cietu\u0161ajiem. Piemineklis tiek celts ar visas Indianapoles latvie\u0161u sabiedr\u012bbas \u2013 tautas \u2013 saziedotiem l\u012bdzek\u013ciem p\u0113c m\u0101kslinieka Arnolda Sildega meta. Darbs norit Antona Plata\u010da vad\u012bb\u0101, Jurim Caunem. Pieminekli atkl\u0101j 1984. g. 14. j\u016bnij\u0101 un to iesv\u0113ta m\u0101c\u012bt\u0101js P\u0113teris Nesaule. <\/p>\n<\/div>\n<\/div>\n<\/div>\n\n\n\n<p><\/p>\n\n\n\n<p class=\"spacer-box-40\"><\/p>\n\n\n<a href=\"#about-us\"><span class=\"wp-svg-arrow-up-3 arrow-up-3\"><\/span><\/a>","protected":false},"excerpt":{"rendered":"<p>ABOUT US The goal, indeed the promise, of the founders of the Latvian Community Center was to build a Latvian Center in Indianapolis without debt or borrowed funds. The goal has been achieved and the promise fulfilled. The building process <span class=\"excerpt-dots\">&hellip;<\/span> <a class=\"more-link\" href=\"https:\/\/indianapolislatviancenter.org\/lv\/about-us\/\"><span class=\"more-msg\">Continue reading &rarr;<\/span><\/a><\/p>","protected":false},"author":1,"featured_media":0,"parent":0,"menu_order":1,"comment_status":"closed","ping_status":"closed","template":"","meta":{"inline_featured_image":false,"_monsterinsights_skip_tracking":false,"_monsterinsights_sitenote_active":false,"_monsterinsights_sitenote_note":"","_monsterinsights_sitenote_category":0,"_EventAllDay":false,"_EventTimezone":"","_EventStartDate":"","_EventEndDate":"","_EventStartDateUTC":"","_EventEndDateUTC":"","_EventShowMap":false,"_EventShowMapLink":false,"_EventURL":"","_EventCost":"","_EventCostDescription":"","_EventCurrencySymbol":"","_EventCurrencyCode":"","_EventCurrencyPosition":"","_EventDateTimeSeparator":"","_EventTimeRangeSeparator":"","_EventOrganizerID":[],"_EventVenueID":[],"_OrganizerEmail":"","_OrganizerPhone":"","_OrganizerWebsite":"","_VenueAddress":"","_VenueCity":"","_VenueCountry":"","_VenueProvince":"","_VenueState":"","_VenueZip":"","_VenuePhone":"","_VenueURL":"","_VenueStateProvince":"","_VenueLat":"","_VenueLng":"","_VenueShowMap":false,"_VenueShowMapLink":false,"footnotes":""},"class_list":["post-27","page","type-page","status-publish","hentry"],"yoast_head":"<!-- This site is optimized with the Yoast SEO plugin v27.4 - https:\/\/yoast.com\/product\/yoast-seo-wordpress\/ -->\n<title>ABOUT US - Indianapolis Latvian Community Center<\/title>\n<meta name=\"description\" content=\"The Latvian colony in Indianapolis began to form only at the end of the late forties. The Indianapolis Latvian Center has become a part of history for the Latvians living in America. In memory of Latvians who died for freedom and those who vanished in Soviet labor camps since 1940.\" \/>\n<meta name=\"robots\" content=\"index, follow, max-snippet:-1, max-image-preview:large, max-video-preview:-1\" \/>\n<link rel=\"canonical\" href=\"https:\/\/indianapolislatviancenter.org\/lv\/about-us\/\" \/>\n<meta property=\"og:locale\" content=\"lv_LV\" \/>\n<meta property=\"og:type\" content=\"article\" \/>\n<meta property=\"og:title\" content=\"ABOUT US - Indianapolis Latvian Community Center\" \/>\n<meta property=\"og:description\" content=\"The Latvian colony in Indianapolis began to form only at the end of the late forties. The Indianapolis Latvian Center has become a part of history for the Latvians living in America. In memory of Latvians who died for freedom and those who vanished in Soviet labor camps since 1940.\" \/>\n<meta property=\"og:url\" content=\"https:\/\/indianapolislatviancenter.org\/lv\/about-us\/\" \/>\n<meta property=\"og:site_name\" content=\"Indianapolis Latvian Community Center\" \/>\n<meta property=\"article:modified_time\" content=\"2025-02-20T19:46:57+00:00\" \/>\n<meta property=\"og:image\" content=\"https:\/\/indianapolislatviancenter.org\/ilcc2022\/wp-content\/uploads\/2025\/02\/Home-Pg_Learn_Latvian_Hist_960x540.webp\" \/>\n\t<meta property=\"og:image:width\" content=\"960\" \/>\n\t<meta property=\"og:image:height\" content=\"540\" \/>\n\t<meta property=\"og:image:type\" content=\"image\/webp\" \/>\n<meta name=\"twitter:card\" content=\"summary_large_image\" \/>\n<meta name=\"twitter:label1\" content=\"Est. reading time\" \/>\n\t<meta name=\"twitter:data1\" content=\"5 min\u016btes\" \/>\n<script type=\"application\/ld+json\" class=\"yoast-schema-graph\">{\"@context\":\"https:\\\/\\\/schema.org\",\"@graph\":[{\"@type\":\"WebPage\",\"@id\":\"https:\\\/\\\/indianapolislatviancenter.org\\\/about-us\\\/\",\"url\":\"https:\\\/\\\/indianapolislatviancenter.org\\\/about-us\\\/\",\"name\":\"ABOUT US - Indianapolis Latvian Community Center\",\"isPartOf\":{\"@id\":\"https:\\\/\\\/indianapolislatviancenter.org\\\/#website\"},\"primaryImageOfPage\":{\"@id\":\"https:\\\/\\\/indianapolislatviancenter.org\\\/about-us\\\/#primaryimage\"},\"image\":{\"@id\":\"https:\\\/\\\/indianapolislatviancenter.org\\\/about-us\\\/#primaryimage\"},\"thumbnailUrl\":\"https:\\\/\\\/indianapolislatviancenter.org\\\/ilcc2022\\\/wp-content\\\/uploads\\\/2025\\\/02\\\/Home-Pg_Learn_Latvian_Hist_960x540.webp\",\"datePublished\":\"2022-04-08T18:45:13+00:00\",\"dateModified\":\"2025-02-20T19:46:57+00:00\",\"description\":\"The Latvian colony in Indianapolis began to form only at the end of the late forties. The Indianapolis Latvian Center has become a part of history for the Latvians living in America. In memory of Latvians who died for freedom and those who vanished in Soviet labor camps since 1940.\",\"breadcrumb\":{\"@id\":\"https:\\\/\\\/indianapolislatviancenter.org\\\/about-us\\\/#breadcrumb\"},\"inLanguage\":\"lv-LV\",\"potentialAction\":[{\"@type\":\"ReadAction\",\"target\":[\"https:\\\/\\\/indianapolislatviancenter.org\\\/about-us\\\/\"]}]},{\"@type\":\"ImageObject\",\"inLanguage\":\"lv-LV\",\"@id\":\"https:\\\/\\\/indianapolislatviancenter.org\\\/about-us\\\/#primaryimage\",\"url\":\"https:\\\/\\\/indianapolislatviancenter.org\\\/ilcc2022\\\/wp-content\\\/uploads\\\/2025\\\/02\\\/Home-Pg_Learn_Latvian_Hist_960x540.webp\",\"contentUrl\":\"https:\\\/\\\/indianapolislatviancenter.org\\\/ilcc2022\\\/wp-content\\\/uploads\\\/2025\\\/02\\\/Home-Pg_Learn_Latvian_Hist_960x540.webp\"},{\"@type\":\"BreadcrumbList\",\"@id\":\"https:\\\/\\\/indianapolislatviancenter.org\\\/about-us\\\/#breadcrumb\",\"itemListElement\":[{\"@type\":\"ListItem\",\"position\":1,\"name\":\"Home\",\"item\":\"https:\\\/\\\/indianapolislatviancenter.org\\\/\"},{\"@type\":\"ListItem\",\"position\":2,\"name\":\"ABOUT US\"}]},{\"@type\":\"WebSite\",\"@id\":\"https:\\\/\\\/indianapolislatviancenter.org\\\/#website\",\"url\":\"https:\\\/\\\/indianapolislatviancenter.org\\\/\",\"name\":\"Indianapolis Latvian Community Center\",\"description\":\"An Event facility that supports the Indianapolis Community\",\"publisher\":{\"@id\":\"https:\\\/\\\/indianapolislatviancenter.org\\\/#organization\"},\"potentialAction\":[{\"@type\":\"SearchAction\",\"target\":{\"@type\":\"EntryPoint\",\"urlTemplate\":\"https:\\\/\\\/indianapolislatviancenter.org\\\/?s={search_term_string}\"},\"query-input\":{\"@type\":\"PropertyValueSpecification\",\"valueRequired\":true,\"valueName\":\"search_term_string\"}}],\"inLanguage\":\"lv-LV\"},{\"@type\":\"Organization\",\"@id\":\"https:\\\/\\\/indianapolislatviancenter.org\\\/#organization\",\"name\":\"Indianapolis Latvian Center\",\"url\":\"https:\\\/\\\/indianapolislatviancenter.org\\\/\",\"logo\":{\"@type\":\"ImageObject\",\"inLanguage\":\"lv-LV\",\"@id\":\"https:\\\/\\\/indianapolislatviancenter.org\\\/#\\\/schema\\\/logo\\\/image\\\/\",\"url\":\"https:\\\/\\\/indianapolislatviancenter.org\\\/ilcc2022\\\/wp-content\\\/uploads\\\/2023\\\/08\\\/ILCC_Favicon_Red-Reverse_no-txt_082323.svg\",\"contentUrl\":\"https:\\\/\\\/indianapolislatviancenter.org\\\/ilcc2022\\\/wp-content\\\/uploads\\\/2023\\\/08\\\/ILCC_Favicon_Red-Reverse_no-txt_082323.svg\",\"width\":100,\"height\":100,\"caption\":\"Indianapolis Latvian Center\"},\"image\":{\"@id\":\"https:\\\/\\\/indianapolislatviancenter.org\\\/#\\\/schema\\\/logo\\\/image\\\/\"}}]}<\/script>\n<!-- \/ Yoast SEO plugin. -->","yoast_head_json":{"title":"ABOUT US - Indianapolis Latvian Community Center","description":"The Latvian colony in Indianapolis began to form only at the end of the late forties. The Indianapolis Latvian Center has become a part of history for the Latvians living in America. In memory of Latvians who died for freedom and those who vanished in Soviet labor camps since 1940.","robots":{"index":"index","follow":"follow","max-snippet":"max-snippet:-1","max-image-preview":"max-image-preview:large","max-video-preview":"max-video-preview:-1"},"canonical":"https:\/\/indianapolislatviancenter.org\/lv\/about-us\/","og_locale":"lv_LV","og_type":"article","og_title":"ABOUT US - Indianapolis Latvian Community Center","og_description":"The Latvian colony in Indianapolis began to form only at the end of the late forties. The Indianapolis Latvian Center has become a part of history for the Latvians living in America. In memory of Latvians who died for freedom and those who vanished in Soviet labor camps since 1940.","og_url":"https:\/\/indianapolislatviancenter.org\/lv\/about-us\/","og_site_name":"Indianapolis Latvian Community Center","article_modified_time":"2025-02-20T19:46:57+00:00","og_image":[{"width":960,"height":540,"url":"https:\/\/indianapolislatviancenter.org\/ilcc2022\/wp-content\/uploads\/2025\/02\/Home-Pg_Learn_Latvian_Hist_960x540.webp","type":"image\/webp"}],"twitter_card":"summary_large_image","twitter_misc":{"Est. reading time":"5 min\u016btes"},"schema":{"@context":"https:\/\/schema.org","@graph":[{"@type":"WebPage","@id":"https:\/\/indianapolislatviancenter.org\/about-us\/","url":"https:\/\/indianapolislatviancenter.org\/about-us\/","name":"ABOUT US - Indianapolis Latvian Community Center","isPartOf":{"@id":"https:\/\/indianapolislatviancenter.org\/#website"},"primaryImageOfPage":{"@id":"https:\/\/indianapolislatviancenter.org\/about-us\/#primaryimage"},"image":{"@id":"https:\/\/indianapolislatviancenter.org\/about-us\/#primaryimage"},"thumbnailUrl":"https:\/\/indianapolislatviancenter.org\/ilcc2022\/wp-content\/uploads\/2025\/02\/Home-Pg_Learn_Latvian_Hist_960x540.webp","datePublished":"2022-04-08T18:45:13+00:00","dateModified":"2025-02-20T19:46:57+00:00","description":"The Latvian colony in Indianapolis began to form only at the end of the late forties. The Indianapolis Latvian Center has become a part of history for the Latvians living in America. In memory of Latvians who died for freedom and those who vanished in Soviet labor camps since 1940.","breadcrumb":{"@id":"https:\/\/indianapolislatviancenter.org\/about-us\/#breadcrumb"},"inLanguage":"lv-LV","potentialAction":[{"@type":"ReadAction","target":["https:\/\/indianapolislatviancenter.org\/about-us\/"]}]},{"@type":"ImageObject","inLanguage":"lv-LV","@id":"https:\/\/indianapolislatviancenter.org\/about-us\/#primaryimage","url":"https:\/\/indianapolislatviancenter.org\/ilcc2022\/wp-content\/uploads\/2025\/02\/Home-Pg_Learn_Latvian_Hist_960x540.webp","contentUrl":"https:\/\/indianapolislatviancenter.org\/ilcc2022\/wp-content\/uploads\/2025\/02\/Home-Pg_Learn_Latvian_Hist_960x540.webp"},{"@type":"BreadcrumbList","@id":"https:\/\/indianapolislatviancenter.org\/about-us\/#breadcrumb","itemListElement":[{"@type":"ListItem","position":1,"name":"Home","item":"https:\/\/indianapolislatviancenter.org\/"},{"@type":"ListItem","position":2,"name":"ABOUT US"}]},{"@type":"WebSite","@id":"https:\/\/indianapolislatviancenter.org\/#website","url":"https:\/\/indianapolislatviancenter.org\/","name":"Indianapoles Latvie\u0161u sabiedriskais centrs","description":"An Event facility that supports the Indianapolis Community","publisher":{"@id":"https:\/\/indianapolislatviancenter.org\/#organization"},"potentialAction":[{"@type":"SearchAction","target":{"@type":"EntryPoint","urlTemplate":"https:\/\/indianapolislatviancenter.org\/?s={search_term_string}"},"query-input":{"@type":"PropertyValueSpecification","valueRequired":true,"valueName":"search_term_string"}}],"inLanguage":"lv-LV"},{"@type":"Organization","@id":"https:\/\/indianapolislatviancenter.org\/#organization","name":"Indianapoles Latvie\u0161u sabiedriskais centrs","url":"https:\/\/indianapolislatviancenter.org\/","logo":{"@type":"ImageObject","inLanguage":"lv-LV","@id":"https:\/\/indianapolislatviancenter.org\/#\/schema\/logo\/image\/","url":"https:\/\/indianapolislatviancenter.org\/ilcc2022\/wp-content\/uploads\/2023\/08\/ILCC_Favicon_Red-Reverse_no-txt_082323.svg","contentUrl":"https:\/\/indianapolislatviancenter.org\/ilcc2022\/wp-content\/uploads\/2023\/08\/ILCC_Favicon_Red-Reverse_no-txt_082323.svg","width":100,"height":100,"caption":"Indianapolis Latvian Center"},"image":{"@id":"https:\/\/indianapolislatviancenter.org\/#\/schema\/logo\/image\/"}}]}},"_links":{"self":[{"href":"https:\/\/indianapolislatviancenter.org\/lv\/wp-json\/wp\/v2\/pages\/27","targetHints":{"allow":["GET"]}}],"collection":[{"href":"https:\/\/indianapolislatviancenter.org\/lv\/wp-json\/wp\/v2\/pages"}],"about":[{"href":"https:\/\/indianapolislatviancenter.org\/lv\/wp-json\/wp\/v2\/types\/page"}],"author":[{"embeddable":true,"href":"https:\/\/indianapolislatviancenter.org\/lv\/wp-json\/wp\/v2\/users\/1"}],"replies":[{"embeddable":true,"href":"https:\/\/indianapolislatviancenter.org\/lv\/wp-json\/wp\/v2\/comments?post=27"}],"version-history":[{"count":56,"href":"https:\/\/indianapolislatviancenter.org\/lv\/wp-json\/wp\/v2\/pages\/27\/revisions"}],"predecessor-version":[{"id":2287,"href":"https:\/\/indianapolislatviancenter.org\/lv\/wp-json\/wp\/v2\/pages\/27\/revisions\/2287"}],"wp:attachment":[{"href":"https:\/\/indianapolislatviancenter.org\/lv\/wp-json\/wp\/v2\/media?parent=27"}],"curies":[{"name":"wp","href":"https:\/\/api.w.org\/{rel}","templated":true}]}}